{"id":118,"date":"2018-08-27T09:23:18","date_gmt":"2018-08-27T09:23:18","guid":{"rendered":"http:\/\/konte.uix.store\/home-v10\/?page_id=118"},"modified":"2020-10-12T19:08:21","modified_gmt":"2020-10-12T18:08:21","slug":"il-brand","status":"publish","type":"page","link":"https:\/\/www2.loopomilano.com\/it\/il-brand\/","title":{"rendered":"Il Brand"},"content":{"rendered":"<p>[vc_row][vc_column][vc_separator color=&#8221;custom&#8221; border_width=&#8221;2&#8243; accent_color=&#8221;#e10600&#8243;][vc_empty_space height=&#8221;60px&#8221;][\/vc_column][\/vc_row][vc_row css=&#8221;.vc_custom_1530089427958{margin-bottom: 70px !important;}&#8221;][vc_column width=&#8221;1\/6&#8243; offset=&#8221;vc_hidden-sm vc_hidden-xs&#8221;][\/vc_column][vc_column offset=&#8221;vc_col-lg-8 vc_col-md-8&#8243;][vc_custom_heading text=&#8221;Il Brand&#8221; font_container=&#8221;tag:h1|text_align:center&#8221; use_theme_fonts=&#8221;yes&#8221; css=&#8221;.vc_custom_1601204850377{margin-bottom: 35px !important;}&#8221;][vc_column_text]In un ecosistema del design sempre pi\u00f9 polarizzato fra estremi, LOOPO \u00e8 la dolce anomalia. \u00c8 quel nome da ricordare quando cerchi in casa tua un ambiente inclusivo, accessibile, intimo, realizzato in Italia da artigiani con la battuta sempre pronta.<\/p>\n<p>Il proverbiale pragmatismo milanese qui si traduce in elementi di arredo autentici e pure scherzosi, come la collezione che <a href=\"https:\/\/www.loopomilano.com\/special-projects\/le-zie-by-jimmy-d-lanza\/\">Jimmy D. Lanza<\/a> ha dedicato alle signore anziane che da sempre animano di colori la nostra citt\u00e0: quelle un po&#8217; svampite, che sul tram si lamentano di quanto siano aumentati i Kiwi al mercato. \u00c8 solo cos\u00ec, regalando al tuo ambiente il classico tocco che ci vuole-che sia dato da un piatto o un sof\u00e0-,che alla fine riusciamo a rendere il posto in cui vivi unico e pronto ad accogliere tutti, dagli amici alla suocera.<\/p>\n<p>Perch\u00e9 i nostri prodotti sono frutto di un appassionato processo creativo, tanti caff\u00e8 e una selezione meticolosa che possa concretamente aiutarti nella delicatissima missione casa. Senza troppi fronzoli, falsi buonismi o strategie di marketing: solo buone idee e design di qualit\u00e0. Pensato e realizzato in Italia da gente seria, che per fortuna non si prende troppo sul serio.[\/vc_column_text][\/vc_column][vc_column width=&#8221;1\/6&#8243; offset=&#8221;vc_hidden-sm vc_hidden-xs&#8221;][\/vc_column][\/vc_row][vc_row css=&#8221;.vc_custom_1530089451483{margin-bottom: 30px !important;}&#8221;][vc_column width=&#8221;1\/6&#8243; offset=&#8221;vc_hidden-sm vc_hidden-xs&#8221;][\/vc_column][vc_column width=&#8221;1\/3&#8243; offset=&#8221;vc_col-lg-3 vc_col-md-3&#8243;][vc_custom_heading text=&#8221;Our<br \/>\nMission&#8221; use_theme_fonts=&#8221;yes&#8221;][vc_empty_space height=&#8221;30px&#8221;][\/vc_column][vc_column width=&#8221;2\/3&#8243; offset=&#8221;vc_col-lg-5 vc_col-md-5&#8243;][vc_column_text]L&#8217;obiettivo di LOOPO \u00e8 di farti divertire, di arredarti casa con spunti originali e un mood totalmente libero, che pu\u00f2 essere sia ricercato che irriverente, come ogni milanese che si rispetti: basta che dia carattere, valore e senso di intimit\u00e0 all&#8217;ambiente. Se nella tua idea di casa vedi un posto accogliente, dove gli oggetti sono belli ma hanno tutti una funzione pratica, allora sei nel posto giusto.[\/vc_column_text][\/vc_column][vc_column width=&#8221;1\/6&#8243; offset=&#8221;vc_hidden-sm vc_hidden-xs&#8221;][\/vc_column][\/vc_row][vc_row][vc_column width=&#8221;1\/6&#8243; offset=&#8221;vc_hidden-sm vc_hidden-xs&#8221;][\/vc_column][vc_column width=&#8221;1\/3&#8243; offset=&#8221;vc_col-lg-3 vc_col-md-3&#8243; el_class=&#8221;roundborder&#8221;][vc_custom_heading text=&#8221;The Founder&#8221; use_theme_fonts=&#8221;yes&#8221;][vc_empty_space height=&#8221;30px&#8221;][\/vc_column][vc_column width=&#8221;2\/3&#8243; offset=&#8221;vc_col-lg-5 vc_col-md-5&#8243;][vc_column_text]Arredare casa \u00e8 una faccenda seria, ma come ogni cosa importante non va presa troppo seriamente, altrimenti non ci si diverte. Lo sa bene Marco Lupo, che gi\u00e0 a partire da un gioco di pronuncia del suo cognome in inglese mette in chiaro la natura di LOOPO. Dopo 7 anni nel business del riammobilio delle navi da crociera, Marco ha finalmente concretizzato il suo progetto: un brand di design vivo, attuale, made in Italy e che non tratta i suoi prodotti come fossero pezzi impolverati da museo.[\/vc_column_text][\/vc_column][vc_column width=&#8221;1\/6&#8243; offset=&#8221;vc_hidden-sm vc_hidden-xs&#8221;][\/vc_column][\/vc_row][vc_row][vc_column][vc_empty_space height=&#8221;80px&#8221;][\/vc_column][\/vc_row][vc_row el_class=&#8221;displaynone&#8221;][vc_column]<p class=\"konte-button-wrapper text-center\"><span class=\"konte-button button-normal text-default align-center normal   button rounded\">Download Catalogue<\/span><\/p>[\/vc_column][\/vc_row]<\/p>\n","protected":false},"excerpt":{"rendered":"<p>[vc_row][vc_column][vc_separator color=&#8221;custom&#8221; border_width=&#8221;2&#8243; accent_color=&#8221;#e10600&#8243;][vc_empty_space height=&#8221;60px&#8221;][\/vc_column][\/vc_row][vc_row css=&#8221;.vc_custom_1530089427958{margin-bottom: 70px !important;}&#8221;][vc_column width=&#8221;1\/6&#8243; offset=&#8221;vc_hidden-sm vc_hidden-xs&#8221;][\/vc_column][vc_column offset=&#8221;vc_col-lg-8 vc_col-md-8&#8243;][vc_custom_heading text=&#8221;Il Brand&#8221; font_container=&#8221;tag:h1|text_align:center&#8221; use_theme_fonts=&#8221;yes&#8221; css=&#8221;.vc_custom_1601204850377{margin-bottom: 35px !important;}&#8221;][vc_column_text]In un ecosistema del design sempre pi\u00f9 polarizzato fra estremi, LOOPO&hellip;<\/p>\n","protected":false},"author":1,"featured_media":1705,"parent":0,"menu_order":0,"comment_status":"closed","ping_status":"closed","template":"","meta":[],"yoast_head":"<!-- This site is optimized with the Yoast SEO plugin v15.6.2 - https:\/\/yoast.com\/wordpress\/plugins\/seo\/ -->\n<title>Il Brand | Loopo<\/title>\n<meta name=\"robots\" content=\"noindex, follow, max-snippet:-1, max-image-preview:large, max-video-preview:-1\" \/>\n<meta property=\"og:locale\" content=\"it_IT\" \/>\n<meta property=\"og:type\" content=\"article\" \/>\n<meta property=\"og:title\" content=\"Il Brand | Loopo\" \/>\n<meta property=\"og:description\" content=\"[vc_row][vc_column][vc_separator color=&#8221;custom&#8221; border_width=&#8221;2&#8243; accent_color=&#8221;#e10600&#8243;][vc_empty_space height=&#8221;60px&#8221;][\/vc_column][\/vc_row][vc_row css=&#8221;.vc_custom_1530089427958{margin-bottom: 70px !important;}&#8221;][vc_column width=&#8221;1\/6&#8243; offset=&#8221;vc_hidden-sm vc_hidden-xs&#8221;][\/vc_column][vc_column offset=&#8221;vc_col-lg-8 vc_col-md-8&#8243;][vc_custom_heading text=&#8221;Il Brand&#8221; font_container=&#8221;tag:h1|text_align:center&#8221; use_theme_fonts=&#8221;yes&#8221; css=&#8221;.vc_custom_1601204850377{margin-bottom: 35px !important;}&#8221;][vc_column_text]In un ecosistema del design sempre pi\u00f9 polarizzato fra estremi, LOOPO&hellip;\" \/>\n<meta property=\"og:url\" content=\"https:\/\/www2.loopomilano.com\/it\/il-brand\/\" \/>\n<meta property=\"og:site_name\" content=\"Loopo\" \/>\n<meta property=\"article:modified_time\" content=\"2020-10-12T18:08:21+00:00\" \/>\n<meta property=\"og:image\" content=\"https:\/\/www2.loopomilano.com\/wp-content\/uploads\/2020\/09\/the-brand-loopo-milano.jpg\" \/>\n\t<meta property=\"og:image:width\" content=\"2880\" \/>\n\t<meta property=\"og:image:height\" content=\"1408\" \/>\n<meta name=\"twitter:card\" content=\"summary_large_image\" \/>\n<meta name=\"twitter:label1\" content=\"Tempo di lettura stimato\">\n\t<meta name=\"twitter:data1\" content=\"3 minuti\">\n<script type=\"application\/ld+json\" class=\"yoast-schema-graph\">{\"@context\":\"https:\/\/schema.org\",\"@graph\":[{\"@type\":\"Organization\",\"@id\":\"https:\/\/devel-www-loopomilano-com-loopo-01.sq.biz\/#organization\",\"name\":\"Loopo Milano\",\"url\":\"https:\/\/devel-www-loopomilano-com-loopo-01.sq.biz\/\",\"sameAs\":[],\"logo\":{\"@type\":\"ImageObject\",\"@id\":\"https:\/\/devel-www-loopomilano-com-loopo-01.sq.biz\/#logo\",\"inLanguage\":\"it-IT\",\"url\":\"https:\/\/www2.loopomilano.com\/wp-content\/uploads\/2020\/07\/logo_LOOPOrosso.png\",\"width\":1336,\"height\":534,\"caption\":\"Loopo Milano\"},\"image\":{\"@id\":\"https:\/\/devel-www-loopomilano-com-loopo-01.sq.biz\/#logo\"}},{\"@type\":\"WebSite\",\"@id\":\"https:\/\/devel-www-loopomilano-com-loopo-01.sq.biz\/#website\",\"url\":\"https:\/\/devel-www-loopomilano-com-loopo-01.sq.biz\/\",\"name\":\"Loopo\",\"description\":\"Milano Smart Design\",\"publisher\":{\"@id\":\"https:\/\/devel-www-loopomilano-com-loopo-01.sq.biz\/#organization\"},\"potentialAction\":[{\"@type\":\"SearchAction\",\"target\":\"https:\/\/devel-www-loopomilano-com-loopo-01.sq.biz\/?s={search_term_string}\",\"query-input\":\"required name=search_term_string\"}],\"inLanguage\":\"it-IT\"},{\"@type\":\"ImageObject\",\"@id\":\"https:\/\/www2.loopomilano.com\/it\/il-brand\/#primaryimage\",\"inLanguage\":\"it-IT\",\"url\":\"https:\/\/www2.loopomilano.com\/wp-content\/uploads\/2020\/09\/the-brand-loopo-milano.jpg\",\"width\":2880,\"height\":1408,\"caption\":\"The brand loopo milano\"},{\"@type\":\"WebPage\",\"@id\":\"https:\/\/www2.loopomilano.com\/it\/il-brand\/#webpage\",\"url\":\"https:\/\/www2.loopomilano.com\/it\/il-brand\/\",\"name\":\"Il Brand | Loopo\",\"isPartOf\":{\"@id\":\"https:\/\/devel-www-loopomilano-com-loopo-01.sq.biz\/#website\"},\"primaryImageOfPage\":{\"@id\":\"https:\/\/www2.loopomilano.com\/it\/il-brand\/#primaryimage\"},\"datePublished\":\"2018-08-27T09:23:18+00:00\",\"dateModified\":\"2020-10-12T18:08:21+00:00\",\"inLanguage\":\"it-IT\",\"potentialAction\":[{\"@type\":\"ReadAction\",\"target\":[\"https:\/\/www2.loopomilano.com\/it\/il-brand\/\"]}]}]}<\/script>\n<!-- \/ Yoast SEO plugin. -->","_links":{"self":[{"href":"https:\/\/www2.loopomilano.com\/it\/wp-json\/wp\/v2\/pages\/118"}],"collection":[{"href":"https:\/\/www2.loopomilano.com\/it\/wp-json\/wp\/v2\/pages"}],"about":[{"href":"https:\/\/www2.loopomilano.com\/it\/wp-json\/wp\/v2\/types\/page"}],"author":[{"embeddable":true,"href":"https:\/\/www2.loopomilano.com\/it\/wp-json\/wp\/v2\/users\/1"}],"replies":[{"embeddable":true,"href":"https:\/\/www2.loopomilano.com\/it\/wp-json\/wp\/v2\/comments?post=118"}],"version-history":[{"count":19,"href":"https:\/\/www2.loopomilano.com\/it\/wp-json\/wp\/v2\/pages\/118\/revisions"}],"predecessor-version":[{"id":2103,"href":"https:\/\/www2.loopomilano.com\/it\/wp-json\/wp\/v2\/pages\/118\/revisions\/2103"}],"wp:featuredmedia":[{"embeddable":true,"href":"https:\/\/www2.loopomilano.com\/it\/wp-json\/wp\/v2\/media\/1705"}],"wp:attachment":[{"href":"https:\/\/www2.loopomilano.com\/it\/wp-json\/wp\/v2\/media?parent=118"}],"curies":[{"name":"wp","href":"https:\/\/api.w.org\/{rel}","templated":true}]}}