{"id":1997,"date":"2020-09-27T20:45:17","date_gmt":"2020-09-27T19:45:17","guid":{"rendered":"https:\/\/www.loopomilano.com\/?page_id=1997"},"modified":"2020-09-27T21:55:16","modified_gmt":"2020-09-27T20:55:16","slug":"spedizioni-e-resi","status":"publish","type":"page","link":"https:\/\/www2.loopomilano.com\/it\/spedizioni-e-resi\/","title":{"rendered":"Spedizioni e Resi"},"content":{"rendered":"<p>[vc_row][vc_column][vc_separator color=&#8221;custom&#8221; border_width=&#8221;2&#8243; accent_color=&#8221;#e10600&#8243;][vc_empty_space height=&#8221;60px&#8221;][\/vc_column][\/vc_row][vc_row][vc_column width=&#8221;1\/6&#8243;][\/vc_column][vc_column width=&#8221;2\/3&#8243;][vc_custom_heading text=&#8221;Spedizioni<br \/>\ne Resi&#8221; font_container=&#8221;tag:h1|text_align:center&#8221; use_theme_fonts=&#8221;yes&#8221;][vc_empty_space][vc_column_text]<\/p>\n<h4>Spedizioni<\/h4>\n<p style=\"text-align: left;\">Le spedizioni vengono effettuate con corriere espresso Bartolini. Il nostro corriere espresso Bartolini oltre ad essere celere, usa vie di trasporto ottimizzate, veicoli a propulsione alternativa e magazzini ad alta efficienza energetica. esistono molti modi per ridurre le emissioni di co2 e altri effetti ambientali legati al trasporto e allo stoccaggio delle merci. Vogliamo lavorare con i nostri clienti per sfruttare questo potenziale. Bartolini ha chiamato questo progetto gogreen. Crediamo che la protezione dell\u2019ambiente e il successo di un\u2019impresa non siano soltanto compatibili ma anche strettamente interconnessi.<\/p>\n<p style=\"text-align: left;\">Loopo spedisce nei seguenti paesi della comunit\u00e0 europea: Italia.<\/p>\n<p>[\/vc_column_text][\/vc_column][vc_column width=&#8221;1\/6&#8243;][\/vc_column][\/vc_row][vc_row][vc_column width=&#8221;1\/6&#8243;][\/vc_column][vc_column width=&#8221;2\/3&#8243;][vc_empty_space][vc_column_text]<\/p>\n<h4>Resi<\/h4>\n<p>Ai sensi e nei limiti di cui all\u2019art. 64 del decreto legislativo n. 206 del 6 settembre 2005, il cliente ha diritto, entro 10 giorni lavorativi dalla consegna dei prodotti acquistati, di esercitare il diritto di recesso nelle modalit\u00e0 garantite dalla legge, consistente nella facolt\u00e0 di restituire i prodotti ricevuti e di ottenere il rimborso del prezzo pagato. Tale diritto si applica a tutti i prodotti contenuti nel sito www.loopomilano.com. Per restituire la merce, utilizzare l\u2019imballo originale, e scrivere sul retro del documento di trasporto le motivazioni del reso.<\/p>\n<p>Per avvalersi del diritto di recesso il cliente dovr\u00e0 contattare Loopo Milano all\u2019indirizzo e-mail <a href=\"mailto:customer.care@loopomilano.com\">customer.care@loopomilano.com<\/a><\/p>\n<p>Una volta ricevuta la comunicazione, Loopo comunicher\u00e0 al cliente le modalit\u00e0 ed il numero di rientro. Il cliente dovr\u00e0 effettuare tempestivamente la spedizione all\u2019indirizzo comunicato da surface. Le spese di trasporto e la responsabilit\u00e0 della merce durante la spedizione, come previsto dalla legge, sono a carico del cliente.<\/p>\n<p>Si consiglia pertanto di assicurare i prodotti presso il corriere prescelto, avendo cura di imballare con attenzione la merce, dove possibile inserendola in una scatola esterna, evitando di danneggiare la confezione originale con nastri adesivi, etichette, etc.<\/p>\n<p>Il prodotto dovr\u00e0 essere restituito integro nella confezione originale completa di tutte le sue parti ed accessori.<\/p>\n<p>In caso di danno da trasporto avvenuto durante la restituzione, surface provveder\u00e0 a comunicare lo stesso al cliente entro cinque giorni lavorativi dal ricevimento della merce, consentendogli di sporgere reclamo al corriere utilizzato per il trasporto.<\/p>\n<p>La merce danneggiata sar\u00e0 resa disponibile per la restituzione e la richiesta di recesso verr\u00e0 contemporaneamente annullata. Fatto salvo eventuali spese di ripristino per danni accertati, Loopo provveder\u00e0 a rimborsare entro 14 giorni e comunque non prima della ricezione della merce acquistata, l\u2019intero importo del bene tramite procedura di storno sulla carta di credito o a mezzo bonifico bancario sul conto corrente indicato dal cliente.<\/p>\n<p>Il diritto di recesso decade totalmente nel caso in cui i prodotti vengano restituiti danneggiati (per cause diverse dal trasporto) oppure incompleti, ovvero mancanti di parti, confezione rovinata.<\/p>\n<p>Senza alcuna eccezione non risarciremo confezioni aperte o utilizzate.<\/p>\n<p>Il presente articolo ha valore di informazione sul diritto di recesso ai sensi dell\u2019art. 47 del d. lgs. n. 206\/2005.[\/vc_column_text][\/vc_column][vc_column width=&#8221;1\/6&#8243;][\/vc_column][\/vc_row]<\/p>\n","protected":false},"excerpt":{"rendered":"<p>[vc_row][vc_column][vc_separator color=&#8221;custom&#8221; border_width=&#8221;2&#8243; accent_color=&#8221;#e10600&#8243;][vc_empty_space height=&#8221;60px&#8221;][\/vc_column][\/vc_row][vc_row][vc_column width=&#8221;1\/6&#8243;][\/vc_column][vc_column width=&#8221;2\/3&#8243;][vc_custom_heading text=&#8221;Spedizioni e Resi&#8221; font_container=&#8221;tag:h1|text_align:center&#8221; use_theme_fonts=&#8221;yes&#8221;][vc_empty_space][vc_column_text] Spedizioni Le spedizioni vengono effettuate con corriere espresso Bartolini. Il nostro corriere espresso Bartolini oltre ad essere celere,&hellip;<\/p>\n","protected":false},"author":1,"featured_media":1706,"parent":0,"menu_order":0,"comment_status":"closed","ping_status":"closed","template":"","meta":[],"yoast_head":"<!-- This site is optimized with the Yoast SEO plugin v15.6.2 - https:\/\/yoast.com\/wordpress\/plugins\/seo\/ -->\n<title>Spedizioni e Resi | Loopo<\/title>\n<meta name=\"robots\" content=\"noindex, follow, max-snippet:-1, max-image-preview:large, max-video-preview:-1\" \/>\n<meta property=\"og:locale\" content=\"it_IT\" \/>\n<meta property=\"og:type\" content=\"article\" \/>\n<meta property=\"og:title\" content=\"Spedizioni e Resi | Loopo\" \/>\n<meta property=\"og:description\" content=\"[vc_row][vc_column][vc_separator color=&#8221;custom&#8221; border_width=&#8221;2&#8243; accent_color=&#8221;#e10600&#8243;][vc_empty_space height=&#8221;60px&#8221;][\/vc_column][\/vc_row][vc_row][vc_column width=&#8221;1\/6&#8243;][\/vc_column][vc_column width=&#8221;2\/3&#8243;][vc_custom_heading text=&#8221;Spedizioni e Resi&#8221; font_container=&#8221;tag:h1|text_align:center&#8221; use_theme_fonts=&#8221;yes&#8221;][vc_empty_space][vc_column_text] Spedizioni Le spedizioni vengono effettuate con corriere espresso Bartolini. Il nostro corriere espresso Bartolini oltre ad essere celere,&hellip;\" \/>\n<meta property=\"og:url\" content=\"https:\/\/www2.loopomilano.com\/it\/spedizioni-e-resi\/\" \/>\n<meta property=\"og:site_name\" content=\"Loopo\" \/>\n<meta property=\"article:modified_time\" content=\"2020-09-27T20:55:16+00:00\" \/>\n<meta property=\"og:image\" content=\"https:\/\/www2.loopomilano.com\/wp-content\/uploads\/2020\/09\/contact-loopo-milano.jpg\" \/>\n\t<meta property=\"og:image:width\" content=\"2880\" \/>\n\t<meta property=\"og:image:height\" content=\"1408\" \/>\n<meta name=\"twitter:card\" content=\"summary_large_image\" \/>\n<meta name=\"twitter:label1\" content=\"Tempo di lettura stimato\">\n\t<meta name=\"twitter:data1\" content=\"3 minuti\">\n<script type=\"application\/ld+json\" class=\"yoast-schema-graph\">{\"@context\":\"https:\/\/schema.org\",\"@graph\":[{\"@type\":\"Organization\",\"@id\":\"https:\/\/devel-www-loopomilano-com-loopo-01.sq.biz\/#organization\",\"name\":\"Loopo Milano\",\"url\":\"https:\/\/devel-www-loopomilano-com-loopo-01.sq.biz\/\",\"sameAs\":[],\"logo\":{\"@type\":\"ImageObject\",\"@id\":\"https:\/\/devel-www-loopomilano-com-loopo-01.sq.biz\/#logo\",\"inLanguage\":\"it-IT\",\"url\":\"https:\/\/www2.loopomilano.com\/wp-content\/uploads\/2020\/07\/logo_LOOPOrosso.png\",\"width\":1336,\"height\":534,\"caption\":\"Loopo Milano\"},\"image\":{\"@id\":\"https:\/\/devel-www-loopomilano-com-loopo-01.sq.biz\/#logo\"}},{\"@type\":\"WebSite\",\"@id\":\"https:\/\/devel-www-loopomilano-com-loopo-01.sq.biz\/#website\",\"url\":\"https:\/\/devel-www-loopomilano-com-loopo-01.sq.biz\/\",\"name\":\"Loopo\",\"description\":\"Milano Smart Design\",\"publisher\":{\"@id\":\"https:\/\/devel-www-loopomilano-com-loopo-01.sq.biz\/#organization\"},\"potentialAction\":[{\"@type\":\"SearchAction\",\"target\":\"https:\/\/devel-www-loopomilano-com-loopo-01.sq.biz\/?s={search_term_string}\",\"query-input\":\"required name=search_term_string\"}],\"inLanguage\":\"it-IT\"},{\"@type\":\"ImageObject\",\"@id\":\"https:\/\/www2.loopomilano.com\/it\/spedizioni-e-resi\/#primaryimage\",\"inLanguage\":\"it-IT\",\"url\":\"https:\/\/www2.loopomilano.com\/wp-content\/uploads\/2020\/09\/contact-loopo-milano.jpg\",\"width\":2880,\"height\":1408,\"caption\":\"Contatti Loopo milano\"},{\"@type\":\"WebPage\",\"@id\":\"https:\/\/www2.loopomilano.com\/it\/spedizioni-e-resi\/#webpage\",\"url\":\"https:\/\/www2.loopomilano.com\/it\/spedizioni-e-resi\/\",\"name\":\"Spedizioni e Resi | Loopo\",\"isPartOf\":{\"@id\":\"https:\/\/devel-www-loopomilano-com-loopo-01.sq.biz\/#website\"},\"primaryImageOfPage\":{\"@id\":\"https:\/\/www2.loopomilano.com\/it\/spedizioni-e-resi\/#primaryimage\"},\"datePublished\":\"2020-09-27T19:45:17+00:00\",\"dateModified\":\"2020-09-27T20:55:16+00:00\",\"inLanguage\":\"it-IT\",\"potentialAction\":[{\"@type\":\"ReadAction\",\"target\":[\"https:\/\/www2.loopomilano.com\/it\/spedizioni-e-resi\/\"]}]}]}<\/script>\n<!-- \/ Yoast SEO plugin. -->","_links":{"self":[{"href":"https:\/\/www2.loopomilano.com\/it\/wp-json\/wp\/v2\/pages\/1997"}],"collection":[{"href":"https:\/\/www2.loopomilano.com\/it\/wp-json\/wp\/v2\/pages"}],"about":[{"href":"https:\/\/www2.loopomilano.com\/it\/wp-json\/wp\/v2\/types\/page"}],"author":[{"embeddable":true,"href":"https:\/\/www2.loopomilano.com\/it\/wp-json\/wp\/v2\/users\/1"}],"replies":[{"embeddable":true,"href":"https:\/\/www2.loopomilano.com\/it\/wp-json\/wp\/v2\/comments?post=1997"}],"version-history":[{"count":3,"href":"https:\/\/www2.loopomilano.com\/it\/wp-json\/wp\/v2\/pages\/1997\/revisions"}],"predecessor-version":[{"id":1999,"href":"https:\/\/www2.loopomilano.com\/it\/wp-json\/wp\/v2\/pages\/1997\/revisions\/1999"}],"wp:featuredmedia":[{"embeddable":true,"href":"https:\/\/www2.loopomilano.com\/it\/wp-json\/wp\/v2\/media\/1706"}],"wp:attachment":[{"href":"https:\/\/www2.loopomilano.com\/it\/wp-json\/wp\/v2\/media?parent=1997"}],"curies":[{"name":"wp","href":"https:\/\/api.w.org\/{rel}","templated":true}]}}