{"id":1801,"date":"2020-09-26T00:29:34","date_gmt":"2020-09-25T23:29:34","guid":{"rendered":"https:\/\/www.loopomilano.com\/?post_type=product&#038;p=1801"},"modified":"2021-01-19T17:44:58","modified_gmt":"2021-01-19T16:44:58","slug":"pouff-in-polistirolo-su-pattern-bocche-e-fiori","status":"publish","type":"product","link":"https:\/\/www2.loopomilano.com\/it\/shop\/arredamento-living\/divani-pouf\/pouff-in-polistirolo-su-pattern-bocche-e-fiori\/","title":{"rendered":"Pouff in polistirolo su pattern &#8220;Bocche e Fiori&#8221;"},"content":{"rendered":"","protected":false},"excerpt":{"rendered":"<p>Paradossalmente, le vette pi\u00f9 alte del relax si toccano quando viaggi a bassa quota, tipo 60 cm, che guarda caso \u00e8 proprio l&#8217;altezza (e la larghezza e la profondit\u00e0) di questo simpatico Pouff. Sar\u00e0 come adagiarsi su una nuvoletta di polistirolo, ricoperta da un soffice pattern &#8220;Bocche e Fiori&#8221; su sfondo rosa.<\/p>\n","protected":false},"featured_media":1804,"template":"","meta":[],"yoast_head":"<!-- This site is optimized with the Yoast SEO plugin v15.6.2 - https:\/\/yoast.com\/wordpress\/plugins\/seo\/ -->\n<title>Pouff in polistirolo su pattern &quot;Bocche e Fiori&quot; | Loopo<\/title>\n<meta name=\"robots\" content=\"noindex, follow, max-snippet:-1, max-image-preview:large, max-video-preview:-1\" \/>\n<meta property=\"og:locale\" content=\"it_IT\" \/>\n<meta property=\"og:type\" content=\"article\" \/>\n<meta property=\"og:title\" content=\"Pouff in polistirolo su pattern &quot;Bocche e Fiori&quot; | Loopo\" \/>\n<meta property=\"og:description\" content=\"Paradossalmente, le vette pi\u00f9 alte del relax si toccano quando viaggi a bassa quota, tipo 60 cm, che guarda caso \u00e8 proprio l&#039;altezza (e la larghezza e la profondit\u00e0) di questo simpatico Pouff. Sar\u00e0 come adagiarsi su una nuvoletta di polistirolo, ricoperta da un soffice pattern &quot;Bocche e Fiori&quot; su sfondo rosa.\" \/>\n<meta property=\"og:url\" content=\"https:\/\/www2.loopomilano.com\/it\/shop\/arredamento-living\/divani-pouf\/pouff-in-polistirolo-su-pattern-bocche-e-fiori\/\" \/>\n<meta property=\"og:site_name\" content=\"Loopo\" \/>\n<meta property=\"article:modified_time\" content=\"2021-01-19T16:44:58+00:00\" \/>\n<meta property=\"og:image\" content=\"https:\/\/www2.loopomilano.com\/wp-content\/uploads\/2020\/09\/pouf-pattern-bocche-e-fiori-loopo-milan-design-F-scaled.jpg\" \/>\n\t<meta property=\"og:image:width\" content=\"2800\" \/>\n\t<meta property=\"og:image:height\" content=\"3200\" \/>\n<meta name=\"twitter:card\" content=\"summary_large_image\" \/>\n<script type=\"application\/ld+json\" class=\"yoast-schema-graph\">{\"@context\":\"https:\/\/schema.org\",\"@graph\":[{\"@type\":\"Organization\",\"@id\":\"https:\/\/devel-www-loopomilano-com-loopo-01.sq.biz\/#organization\",\"name\":\"Loopo Milano\",\"url\":\"https:\/\/devel-www-loopomilano-com-loopo-01.sq.biz\/\",\"sameAs\":[],\"logo\":{\"@type\":\"ImageObject\",\"@id\":\"https:\/\/devel-www-loopomilano-com-loopo-01.sq.biz\/#logo\",\"inLanguage\":\"it-IT\",\"url\":\"https:\/\/www2.loopomilano.com\/wp-content\/uploads\/2020\/07\/logo_LOOPOrosso.png\",\"width\":1336,\"height\":534,\"caption\":\"Loopo Milano\"},\"image\":{\"@id\":\"https:\/\/devel-www-loopomilano-com-loopo-01.sq.biz\/#logo\"}},{\"@type\":\"WebSite\",\"@id\":\"https:\/\/devel-www-loopomilano-com-loopo-01.sq.biz\/#website\",\"url\":\"https:\/\/devel-www-loopomilano-com-loopo-01.sq.biz\/\",\"name\":\"Loopo\",\"description\":\"Milano Smart Design\",\"publisher\":{\"@id\":\"https:\/\/devel-www-loopomilano-com-loopo-01.sq.biz\/#organization\"},\"potentialAction\":[{\"@type\":\"SearchAction\",\"target\":\"https:\/\/devel-www-loopomilano-com-loopo-01.sq.biz\/?s={search_term_string}\",\"query-input\":\"required name=search_term_string\"}],\"inLanguage\":\"it-IT\"},{\"@type\":\"ImageObject\",\"@id\":\"https:\/\/www2.loopomilano.com\/it\/shop\/arredamento-living\/divani-pouf\/pouff-in-polistirolo-su-pattern-bocche-e-fiori\/#primaryimage\",\"inLanguage\":\"it-IT\",\"url\":\"https:\/\/www2.loopomilano.com\/wp-content\/uploads\/2020\/09\/pouf-pattern-bocche-e-fiori-loopo-milan-design-F-scaled.jpg\",\"width\":2800,\"height\":3200,\"caption\":\"pouf pattern bocche e fiori loopo milan design F\"},{\"@type\":\"WebPage\",\"@id\":\"https:\/\/www2.loopomilano.com\/it\/shop\/arredamento-living\/divani-pouf\/pouff-in-polistirolo-su-pattern-bocche-e-fiori\/#webpage\",\"url\":\"https:\/\/www2.loopomilano.com\/it\/shop\/arredamento-living\/divani-pouf\/pouff-in-polistirolo-su-pattern-bocche-e-fiori\/\",\"name\":\"Pouff in polistirolo su pattern \\\"Bocche e Fiori\\\" | Loopo\",\"isPartOf\":{\"@id\":\"https:\/\/devel-www-loopomilano-com-loopo-01.sq.biz\/#website\"},\"primaryImageOfPage\":{\"@id\":\"https:\/\/www2.loopomilano.com\/it\/shop\/arredamento-living\/divani-pouf\/pouff-in-polistirolo-su-pattern-bocche-e-fiori\/#primaryimage\"},\"datePublished\":\"2020-09-25T23:29:34+00:00\",\"dateModified\":\"2021-01-19T16:44:58+00:00\",\"inLanguage\":\"it-IT\",\"potentialAction\":[{\"@type\":\"ReadAction\",\"target\":[\"https:\/\/www2.loopomilano.com\/it\/shop\/arredamento-living\/divani-pouf\/pouff-in-polistirolo-su-pattern-bocche-e-fiori\/\"]}]}]}<\/script>\n<!-- \/ Yoast SEO plugin. -->","_links":{"self":[{"href":"https:\/\/www2.loopomilano.com\/it\/wp-json\/wp\/v2\/product\/1801"}],"collection":[{"href":"https:\/\/www2.loopomilano.com\/it\/wp-json\/wp\/v2\/product"}],"about":[{"href":"https:\/\/www2.loopomilano.com\/it\/wp-json\/wp\/v2\/types\/product"}],"wp:featuredmedia":[{"embeddable":true,"href":"https:\/\/www2.loopomilano.com\/it\/wp-json\/wp\/v2\/media\/1804"}],"wp:attachment":[{"href":"https:\/\/www2.loopomilano.com\/it\/wp-json\/wp\/v2\/media?parent=1801"}],"curies":[{"name":"wp","href":"https:\/\/api.w.org\/{rel}","templated":true}]}}