{"id":1885,"date":"2020-09-26T09:51:47","date_gmt":"2020-09-26T08:51:47","guid":{"rendered":"https:\/\/www.loopomilano.com\/?post_type=product&#038;p=1885"},"modified":"2021-01-19T17:26:24","modified_gmt":"2021-01-19T16:26:24","slug":"divano-bordeaux-capitonne-tre-posti-in-velluto","status":"publish","type":"product","link":"https:\/\/www2.loopomilano.com\/it\/shop\/arredamento-living\/divani-pouf\/divano-bordeaux-capitonne-tre-posti-in-velluto\/","title":{"rendered":"Divano bordeaux Capitonn\u00e9 in velluto"},"content":{"rendered":"","protected":false},"excerpt":{"rendered":"<p>&#8220;Libert\u00e9, \u00c9galit\u00e9, Capitonn\u00e9&#8221; sar\u00e0 il motto ufficiale del tuo salotto, il cui centro del relax sar\u00e0 questo divano tre posti in velluto. E&#8217; proprio come la Francia di Luigi XIV, la sua comoda superficie sar\u00e0 teatro di mille battaglie (di cuscini) ma anche di importanti trattati diplomatici (su che serie TV guardare).<\/p>\n","protected":false},"featured_media":1866,"template":"","meta":[],"yoast_head":"<!-- This site is optimized with the Yoast SEO plugin v15.6.2 - https:\/\/yoast.com\/wordpress\/plugins\/seo\/ -->\n<title>Divano bordeaux Capitonn\u00e9 in velluto | Loopo<\/title>\n<meta name=\"robots\" content=\"noindex, follow, max-snippet:-1, max-image-preview:large, max-video-preview:-1\" \/>\n<meta property=\"og:locale\" content=\"it_IT\" \/>\n<meta property=\"og:type\" content=\"article\" \/>\n<meta property=\"og:title\" content=\"Divano bordeaux Capitonn\u00e9 in velluto | Loopo\" \/>\n<meta property=\"og:description\" content=\"&quot;Libert\u00e9, \u00c9galit\u00e9, Capitonn\u00e9&quot; sar\u00e0 il motto ufficiale del tuo salotto, il cui centro del relax sar\u00e0 questo divano tre posti in velluto. E&#039; proprio come la Francia di Luigi XIV, la sua comoda superficie sar\u00e0 teatro di mille battaglie (di cuscini) ma anche di importanti trattati diplomatici (su che serie TV guardare).\" \/>\n<meta property=\"og:url\" content=\"https:\/\/www2.loopomilano.com\/it\/shop\/arredamento-living\/divani-pouf\/divano-bordeaux-capitonne-tre-posti-in-velluto\/\" \/>\n<meta property=\"og:site_name\" content=\"Loopo\" \/>\n<meta property=\"article:modified_time\" content=\"2021-01-19T16:26:24+00:00\" \/>\n<meta property=\"og:image\" content=\"https:\/\/www2.loopomilano.com\/wp-content\/uploads\/2020\/09\/divano-dubai-capitonne-velluto-bordeaux-loopo-milan-design-F-scaled.jpg\" \/>\n\t<meta property=\"og:image:width\" content=\"2800\" \/>\n\t<meta property=\"og:image:height\" content=\"3200\" \/>\n<meta name=\"twitter:card\" content=\"summary_large_image\" \/>\n<script type=\"application\/ld+json\" class=\"yoast-schema-graph\">{\"@context\":\"https:\/\/schema.org\",\"@graph\":[{\"@type\":\"Organization\",\"@id\":\"https:\/\/devel-www-loopomilano-com-loopo-01.sq.biz\/#organization\",\"name\":\"Loopo Milano\",\"url\":\"https:\/\/devel-www-loopomilano-com-loopo-01.sq.biz\/\",\"sameAs\":[],\"logo\":{\"@type\":\"ImageObject\",\"@id\":\"https:\/\/devel-www-loopomilano-com-loopo-01.sq.biz\/#logo\",\"inLanguage\":\"it-IT\",\"url\":\"https:\/\/www2.loopomilano.com\/wp-content\/uploads\/2020\/07\/logo_LOOPOrosso.png\",\"width\":1336,\"height\":534,\"caption\":\"Loopo Milano\"},\"image\":{\"@id\":\"https:\/\/devel-www-loopomilano-com-loopo-01.sq.biz\/#logo\"}},{\"@type\":\"WebSite\",\"@id\":\"https:\/\/devel-www-loopomilano-com-loopo-01.sq.biz\/#website\",\"url\":\"https:\/\/devel-www-loopomilano-com-loopo-01.sq.biz\/\",\"name\":\"Loopo\",\"description\":\"Milano Smart Design\",\"publisher\":{\"@id\":\"https:\/\/devel-www-loopomilano-com-loopo-01.sq.biz\/#organization\"},\"potentialAction\":[{\"@type\":\"SearchAction\",\"target\":\"https:\/\/devel-www-loopomilano-com-loopo-01.sq.biz\/?s={search_term_string}\",\"query-input\":\"required name=search_term_string\"}],\"inLanguage\":\"it-IT\"},{\"@type\":\"ImageObject\",\"@id\":\"https:\/\/www2.loopomilano.com\/it\/shop\/arredamento-living\/divani-pouf\/divano-bordeaux-capitonne-tre-posti-in-velluto\/#primaryimage\",\"inLanguage\":\"it-IT\",\"url\":\"https:\/\/www2.loopomilano.com\/wp-content\/uploads\/2020\/09\/divano-dubai-capitonne-velluto-bordeaux-loopo-milan-design-F-scaled.jpg\",\"width\":2800,\"height\":3200,\"caption\":\"divano dubai capitonne velluto bordeaux loopo milan design F\"},{\"@type\":\"WebPage\",\"@id\":\"https:\/\/www2.loopomilano.com\/it\/shop\/arredamento-living\/divani-pouf\/divano-bordeaux-capitonne-tre-posti-in-velluto\/#webpage\",\"url\":\"https:\/\/www2.loopomilano.com\/it\/shop\/arredamento-living\/divani-pouf\/divano-bordeaux-capitonne-tre-posti-in-velluto\/\",\"name\":\"Divano bordeaux Capitonn\\u00e9 in velluto | Loopo\",\"isPartOf\":{\"@id\":\"https:\/\/devel-www-loopomilano-com-loopo-01.sq.biz\/#website\"},\"primaryImageOfPage\":{\"@id\":\"https:\/\/www2.loopomilano.com\/it\/shop\/arredamento-living\/divani-pouf\/divano-bordeaux-capitonne-tre-posti-in-velluto\/#primaryimage\"},\"datePublished\":\"2020-09-26T08:51:47+00:00\",\"dateModified\":\"2021-01-19T16:26:24+00:00\",\"inLanguage\":\"it-IT\",\"potentialAction\":[{\"@type\":\"ReadAction\",\"target\":[\"https:\/\/www2.loopomilano.com\/it\/shop\/arredamento-living\/divani-pouf\/divano-bordeaux-capitonne-tre-posti-in-velluto\/\"]}]}]}<\/script>\n<!-- \/ Yoast SEO plugin. -->","_links":{"self":[{"href":"https:\/\/www2.loopomilano.com\/it\/wp-json\/wp\/v2\/product\/1885"}],"collection":[{"href":"https:\/\/www2.loopomilano.com\/it\/wp-json\/wp\/v2\/product"}],"about":[{"href":"https:\/\/www2.loopomilano.com\/it\/wp-json\/wp\/v2\/types\/product"}],"wp:featuredmedia":[{"embeddable":true,"href":"https:\/\/www2.loopomilano.com\/it\/wp-json\/wp\/v2\/media\/1866"}],"wp:attachment":[{"href":"https:\/\/www2.loopomilano.com\/it\/wp-json\/wp\/v2\/media?parent=1885"}],"curies":[{"name":"wp","href":"https:\/\/api.w.org\/{rel}","templated":true}]}}