{"id":2159,"date":"2020-10-07T19:16:19","date_gmt":"2020-10-07T18:16:19","guid":{"rendered":"https:\/\/www.loopomilano.com\/?post_type=product&#038;p=2159"},"modified":"2021-01-19T17:14:11","modified_gmt":"2021-01-19T16:14:11","slug":"poltroncina-beige-in-tessuto-boucle","status":"publish","type":"product","link":"https:\/\/www2.loopomilano.com\/it\/shop\/arredamento-living\/poltrone\/poltroncina-beige-in-tessuto-boucle\/","title":{"rendered":"Poltroncina beige in tessuto boucl\u00e9"},"content":{"rendered":"","protected":false},"excerpt":{"rendered":"<p>Semplice ma allo stesso tempo sofisticata, realizzata in tessuto boucl\u00e9 su sfondo beige, \u00e8 una di quelle rare poltroncine che fa gi\u00e0 una gran figura di suo, nella stanza. Ma con te sopra, beh, sar\u00e0 come ammirare una statua del Bernini.<\/p>\n","protected":false},"featured_media":2133,"template":"","meta":[],"yoast_head":"<!-- This site is optimized with the Yoast SEO plugin v15.6.2 - https:\/\/yoast.com\/wordpress\/plugins\/seo\/ -->\n<title>Poltroncina beige in tessuto boucl\u00e9 | Loopo<\/title>\n<meta name=\"robots\" content=\"noindex, follow, max-snippet:-1, max-image-preview:large, max-video-preview:-1\" \/>\n<meta property=\"og:locale\" content=\"it_IT\" \/>\n<meta property=\"og:type\" content=\"article\" \/>\n<meta property=\"og:title\" content=\"Poltroncina beige in tessuto boucl\u00e9 | Loopo\" \/>\n<meta property=\"og:description\" content=\"Semplice ma allo stesso tempo sofisticata, realizzata in tessuto boucl\u00e9 su sfondo beige, \u00e8 una di quelle rare poltroncine che fa gi\u00e0 una gran figura di suo, nella stanza. Ma con te sopra, beh, sar\u00e0 come ammirare una statua del Bernini.\" \/>\n<meta property=\"og:url\" content=\"https:\/\/www2.loopomilano.com\/it\/shop\/arredamento-living\/poltrone\/poltroncina-beige-in-tessuto-boucle\/\" \/>\n<meta property=\"og:site_name\" content=\"Loopo\" \/>\n<meta property=\"article:modified_time\" content=\"2021-01-19T16:14:11+00:00\" \/>\n<meta property=\"og:image\" content=\"https:\/\/www2.loopomilano.com\/wp-content\/uploads\/2020\/10\/poltrona-beige-loopo-milan-design-F-scaled.jpg\" \/>\n\t<meta property=\"og:image:width\" content=\"2800\" \/>\n\t<meta property=\"og:image:height\" content=\"3200\" \/>\n<meta name=\"twitter:card\" content=\"summary_large_image\" \/>\n<script type=\"application\/ld+json\" class=\"yoast-schema-graph\">{\"@context\":\"https:\/\/schema.org\",\"@graph\":[{\"@type\":\"Organization\",\"@id\":\"https:\/\/devel-www-loopomilano-com-loopo-01.sq.biz\/#organization\",\"name\":\"Loopo Milano\",\"url\":\"https:\/\/devel-www-loopomilano-com-loopo-01.sq.biz\/\",\"sameAs\":[],\"logo\":{\"@type\":\"ImageObject\",\"@id\":\"https:\/\/devel-www-loopomilano-com-loopo-01.sq.biz\/#logo\",\"inLanguage\":\"it-IT\",\"url\":\"https:\/\/www2.loopomilano.com\/wp-content\/uploads\/2020\/07\/logo_LOOPOrosso.png\",\"width\":1336,\"height\":534,\"caption\":\"Loopo Milano\"},\"image\":{\"@id\":\"https:\/\/devel-www-loopomilano-com-loopo-01.sq.biz\/#logo\"}},{\"@type\":\"WebSite\",\"@id\":\"https:\/\/devel-www-loopomilano-com-loopo-01.sq.biz\/#website\",\"url\":\"https:\/\/devel-www-loopomilano-com-loopo-01.sq.biz\/\",\"name\":\"Loopo\",\"description\":\"Milano Smart Design\",\"publisher\":{\"@id\":\"https:\/\/devel-www-loopomilano-com-loopo-01.sq.biz\/#organization\"},\"potentialAction\":[{\"@type\":\"SearchAction\",\"target\":\"https:\/\/devel-www-loopomilano-com-loopo-01.sq.biz\/?s={search_term_string}\",\"query-input\":\"required name=search_term_string\"}],\"inLanguage\":\"it-IT\"},{\"@type\":\"ImageObject\",\"@id\":\"https:\/\/www2.loopomilano.com\/it\/shop\/arredamento-living\/poltrone\/poltroncina-beige-in-tessuto-boucle\/#primaryimage\",\"inLanguage\":\"it-IT\",\"url\":\"https:\/\/www2.loopomilano.com\/wp-content\/uploads\/2020\/10\/poltrona-beige-loopo-milan-design-F-scaled.jpg\",\"width\":2800,\"height\":3200,\"caption\":\"poltrona beige loopo milan design F\"},{\"@type\":\"WebPage\",\"@id\":\"https:\/\/www2.loopomilano.com\/it\/shop\/arredamento-living\/poltrone\/poltroncina-beige-in-tessuto-boucle\/#webpage\",\"url\":\"https:\/\/www2.loopomilano.com\/it\/shop\/arredamento-living\/poltrone\/poltroncina-beige-in-tessuto-boucle\/\",\"name\":\"Poltroncina beige in tessuto boucl\\u00e9 | Loopo\",\"isPartOf\":{\"@id\":\"https:\/\/devel-www-loopomilano-com-loopo-01.sq.biz\/#website\"},\"primaryImageOfPage\":{\"@id\":\"https:\/\/www2.loopomilano.com\/it\/shop\/arredamento-living\/poltrone\/poltroncina-beige-in-tessuto-boucle\/#primaryimage\"},\"datePublished\":\"2020-10-07T18:16:19+00:00\",\"dateModified\":\"2021-01-19T16:14:11+00:00\",\"inLanguage\":\"it-IT\",\"potentialAction\":[{\"@type\":\"ReadAction\",\"target\":[\"https:\/\/www2.loopomilano.com\/it\/shop\/arredamento-living\/poltrone\/poltroncina-beige-in-tessuto-boucle\/\"]}]}]}<\/script>\n<!-- \/ Yoast SEO plugin. -->","_links":{"self":[{"href":"https:\/\/www2.loopomilano.com\/it\/wp-json\/wp\/v2\/product\/2159"}],"collection":[{"href":"https:\/\/www2.loopomilano.com\/it\/wp-json\/wp\/v2\/product"}],"about":[{"href":"https:\/\/www2.loopomilano.com\/it\/wp-json\/wp\/v2\/types\/product"}],"wp:featuredmedia":[{"embeddable":true,"href":"https:\/\/www2.loopomilano.com\/it\/wp-json\/wp\/v2\/media\/2133"}],"wp:attachment":[{"href":"https:\/\/www2.loopomilano.com\/it\/wp-json\/wp\/v2\/media?parent=2159"}],"curies":[{"name":"wp","href":"https:\/\/api.w.org\/{rel}","templated":true}]}}