{"id":774,"date":"2020-09-14T06:55:19","date_gmt":"2020-09-14T05:55:19","guid":{"rendered":"http:\/\/konte.uix.store\/home-v10\/?post_type=product&#038;p=774"},"modified":"2021-01-21T12:26:22","modified_gmt":"2021-01-21T11:26:22","slug":"tappeto-abstract-viola-in-tessuto-stampato-grafica-1","status":"publish","type":"product","link":"https:\/\/www2.loopomilano.com\/it\/shop\/tappeti-tessili\/tappeti\/tappeto-abstract-viola-in-tessuto-stampato-grafica-1\/","title":{"rendered":"Tappeto &#8220;Abstract&#8221; viola in tessuto stampato"},"content":{"rendered":"","protected":false},"excerpt":{"rendered":"<p>Linea e colore, abolizione della terza dimensione, figure spesso e volentieri rettangolari e un pattern ricorsivo: orpol\u00e0, ma qui ci troviamo di fronte a un raro caso di astrattismo geometrico! \u00c8 grave, dottore? No, \u00e8 morbidissimo tessuto stampato a mano in Italia.<\/p>\n","protected":false},"featured_media":1686,"template":"","meta":[],"yoast_head":"<!-- This site is optimized with the Yoast SEO plugin v15.6.2 - https:\/\/yoast.com\/wordpress\/plugins\/seo\/ -->\n<title>Tappeto &quot;Abstract&quot; viola in tessuto stampato | Loopo<\/title>\n<meta name=\"robots\" content=\"noindex, follow, max-snippet:-1, max-image-preview:large, max-video-preview:-1\" \/>\n<meta property=\"og:locale\" content=\"it_IT\" \/>\n<meta property=\"og:type\" content=\"article\" \/>\n<meta property=\"og:title\" content=\"Tappeto &quot;Abstract&quot; viola in tessuto stampato | Loopo\" \/>\n<meta property=\"og:description\" content=\"Linea e colore, abolizione della terza dimensione, figure spesso e volentieri rettangolari e un pattern ricorsivo: orpol\u00e0, ma qui ci troviamo di fronte a un raro caso di astrattismo geometrico! \u00c8 grave, dottore? No, \u00e8 morbidissimo tessuto stampato a mano in Italia.\" \/>\n<meta property=\"og:url\" content=\"https:\/\/www2.loopomilano.com\/it\/shop\/tappeti-tessili\/tappeti\/tappeto-abstract-viola-in-tessuto-stampato-grafica-1\/\" \/>\n<meta property=\"og:site_name\" content=\"Loopo\" \/>\n<meta property=\"article:modified_time\" content=\"2021-01-21T11:26:22+00:00\" \/>\n<meta property=\"og:image\" content=\"https:\/\/www2.loopomilano.com\/wp-content\/uploads\/2018\/09\/tappeto-abstract-viola-loopo-milano-design-F-scaled.jpg\" \/>\n\t<meta property=\"og:image:width\" content=\"2800\" \/>\n\t<meta property=\"og:image:height\" content=\"3200\" \/>\n<meta name=\"twitter:card\" content=\"summary_large_image\" \/>\n<script type=\"application\/ld+json\" class=\"yoast-schema-graph\">{\"@context\":\"https:\/\/schema.org\",\"@graph\":[{\"@type\":\"Organization\",\"@id\":\"https:\/\/devel-www-loopomilano-com-loopo-01.sq.biz\/#organization\",\"name\":\"Loopo Milano\",\"url\":\"https:\/\/devel-www-loopomilano-com-loopo-01.sq.biz\/\",\"sameAs\":[],\"logo\":{\"@type\":\"ImageObject\",\"@id\":\"https:\/\/devel-www-loopomilano-com-loopo-01.sq.biz\/#logo\",\"inLanguage\":\"it-IT\",\"url\":\"https:\/\/www2.loopomilano.com\/wp-content\/uploads\/2020\/07\/logo_LOOPOrosso.png\",\"width\":1336,\"height\":534,\"caption\":\"Loopo Milano\"},\"image\":{\"@id\":\"https:\/\/devel-www-loopomilano-com-loopo-01.sq.biz\/#logo\"}},{\"@type\":\"WebSite\",\"@id\":\"https:\/\/devel-www-loopomilano-com-loopo-01.sq.biz\/#website\",\"url\":\"https:\/\/devel-www-loopomilano-com-loopo-01.sq.biz\/\",\"name\":\"Loopo\",\"description\":\"Milano Smart Design\",\"publisher\":{\"@id\":\"https:\/\/devel-www-loopomilano-com-loopo-01.sq.biz\/#organization\"},\"potentialAction\":[{\"@type\":\"SearchAction\",\"target\":\"https:\/\/devel-www-loopomilano-com-loopo-01.sq.biz\/?s={search_term_string}\",\"query-input\":\"required name=search_term_string\"}],\"inLanguage\":\"it-IT\"},{\"@type\":\"ImageObject\",\"@id\":\"https:\/\/www2.loopomilano.com\/it\/shop\/tappeti-tessili\/tappeti\/tappeto-abstract-viola-in-tessuto-stampato-grafica-1\/#primaryimage\",\"inLanguage\":\"it-IT\",\"url\":\"https:\/\/www2.loopomilano.com\/wp-content\/uploads\/2018\/09\/tappeto-abstract-viola-loopo-milano-design-F-scaled.jpg\",\"width\":2800,\"height\":3200,\"caption\":\"tappeto abstract viola loopo milano design F\"},{\"@type\":\"WebPage\",\"@id\":\"https:\/\/www2.loopomilano.com\/it\/shop\/tappeti-tessili\/tappeti\/tappeto-abstract-viola-in-tessuto-stampato-grafica-1\/#webpage\",\"url\":\"https:\/\/www2.loopomilano.com\/it\/shop\/tappeti-tessili\/tappeti\/tappeto-abstract-viola-in-tessuto-stampato-grafica-1\/\",\"name\":\"Tappeto \\\"Abstract\\\" viola in tessuto stampato | Loopo\",\"isPartOf\":{\"@id\":\"https:\/\/devel-www-loopomilano-com-loopo-01.sq.biz\/#website\"},\"primaryImageOfPage\":{\"@id\":\"https:\/\/www2.loopomilano.com\/it\/shop\/tappeti-tessili\/tappeti\/tappeto-abstract-viola-in-tessuto-stampato-grafica-1\/#primaryimage\"},\"datePublished\":\"2020-09-14T05:55:19+00:00\",\"dateModified\":\"2021-01-21T11:26:22+00:00\",\"inLanguage\":\"it-IT\",\"potentialAction\":[{\"@type\":\"ReadAction\",\"target\":[\"https:\/\/www2.loopomilano.com\/it\/shop\/tappeti-tessili\/tappeti\/tappeto-abstract-viola-in-tessuto-stampato-grafica-1\/\"]}]}]}<\/script>\n<!-- \/ Yoast SEO plugin. -->","_links":{"self":[{"href":"https:\/\/www2.loopomilano.com\/it\/wp-json\/wp\/v2\/product\/774"}],"collection":[{"href":"https:\/\/www2.loopomilano.com\/it\/wp-json\/wp\/v2\/product"}],"about":[{"href":"https:\/\/www2.loopomilano.com\/it\/wp-json\/wp\/v2\/types\/product"}],"wp:featuredmedia":[{"embeddable":true,"href":"https:\/\/www2.loopomilano.com\/it\/wp-json\/wp\/v2\/media\/1686"}],"wp:attachment":[{"href":"https:\/\/www2.loopomilano.com\/it\/wp-json\/wp\/v2\/media?parent=774"}],"curies":[{"name":"wp","href":"https:\/\/api.w.org\/{rel}","templated":true}]}}